{"id":1958,"date":"2024-09-04T16:16:43","date_gmt":"2024-09-04T16:16:43","guid":{"rendered":"https:\/\/casasdofavacal.com\/sobre-nos\/"},"modified":"2024-09-14T09:10:23","modified_gmt":"2024-09-14T09:10:23","slug":"sobre-nos","status":"publish","type":"page","link":"https:\/\/casasdofavacal.com\/pt-pt\/sobre-nos\/","title":{"rendered":"Sobre n\u00f3s"},"content":{"rendered":"<div class=\"fusion-fullwidth fullwidth-box fusion-builder-row-1 fusion-flex-container has-pattern-background has-mask-background hundred-percent-fullwidth non-hundred-percent-height-scrolling\" style=\"--awb-border-radius-top-left:0px;--awb-border-radius-top-right:0px;--awb-border-radius-bottom-right:0px;--awb-border-radius-bottom-left:0px;--awb-padding-top:25px;--awb-padding-right:35px;--awb-padding-bottom:25px;--awb-padding-left:35px;--awb-background-color:rgba(123,173,213,0.63);--awb-flex-wrap:wrap;\" ><div class=\"fusion-builder-row fusion-row fusion-flex-align-items-flex-start fusion-flex-content-wrap\" style=\"width:104% !important;max-width:104% !important;margin-left: calc(-4% \/ 2 );margin-right: calc(-4% \/ 2 );\"><div class=\"fusion-layout-column fusion_builder_column fusion-builder-column-0 fusion_builder_column_1_2 1_2 fusion-flex-column fusion-flex-align-self-center\" style=\"--awb-bg-size:cover;--awb-width-large:50%;--awb-margin-top-large:0px;--awb-spacing-right-large:3.84%;--awb-margin-bottom-large:20px;--awb-spacing-left-large:3.84%;--awb-width-medium:50%;--awb-order-medium:0;--awb-spacing-right-medium:3.84%;--awb-spacing-left-medium:3.84%;--awb-width-small:100%;--awb-order-small:0;--awb-spacing-right-small:1.92%;--awb-spacing-left-small:1.92%;\" data-scroll-devices=\"small-visibility,medium-visibility,large-visibility\"><div class=\"fusion-column-wrapper fusion-column-has-shadow fusion-flex-justify-content-center fusion-content-layout-column\"><div class=\"fusion-image-element \" style=\"--awb-caption-title-font-family:var(--h2_typography-font-family);--awb-caption-title-font-weight:var(--h2_typography-font-weight);--awb-caption-title-font-style:var(--h2_typography-font-style);--awb-caption-title-size:var(--h2_typography-font-size);--awb-caption-title-transform:var(--h2_typography-text-transform);--awb-caption-title-line-height:var(--h2_typography-line-height);--awb-caption-title-letter-spacing:var(--h2_typography-letter-spacing);\"><span class=\" fusion-imageframe imageframe-none imageframe-1 hover-type-none\"><img decoding=\"async\" width=\"1356\" height=\"791\" alt=\"Peter &amp; Bernice\" title=\"Peter &#038; Bernice\" src=\"https:\/\/casasdofavacal.com\/wp-content\/uploads\/2024\/09\/Peter-Bernice.jpg\" class=\"img-responsive wp-image-1922\" srcset=\"https:\/\/casasdofavacal.com\/wp-content\/uploads\/2024\/09\/Peter-Bernice-200x117.jpg 200w, https:\/\/casasdofavacal.com\/wp-content\/uploads\/2024\/09\/Peter-Bernice-400x233.jpg 400w, https:\/\/casasdofavacal.com\/wp-content\/uploads\/2024\/09\/Peter-Bernice-600x350.jpg 600w, https:\/\/casasdofavacal.com\/wp-content\/uploads\/2024\/09\/Peter-Bernice-800x467.jpg 800w, https:\/\/casasdofavacal.com\/wp-content\/uploads\/2024\/09\/Peter-Bernice-1200x700.jpg 1200w, https:\/\/casasdofavacal.com\/wp-content\/uploads\/2024\/09\/Peter-Bernice.jpg 1356w\" sizes=\"(max-width: 640px) 100vw, 600px\" \/><\/span><\/div><\/div><\/div><div class=\"fusion-layout-column fusion_builder_column fusion-builder-column-1 fusion_builder_column_1_2 1_2 fusion-flex-column\" style=\"--awb-bg-size:cover;--awb-width-large:50%;--awb-margin-top-large:0px;--awb-spacing-right-large:3.84%;--awb-margin-bottom-large:20px;--awb-spacing-left-large:3.84%;--awb-width-medium:50%;--awb-order-medium:0;--awb-spacing-right-medium:3.84%;--awb-spacing-left-medium:3.84%;--awb-width-small:100%;--awb-order-small:0;--awb-spacing-right-small:1.92%;--awb-spacing-left-small:1.92%;\"><div class=\"fusion-column-wrapper fusion-column-has-shadow fusion-flex-justify-content-flex-start fusion-content-layout-column\"><div class=\"fusion-text fusion-text-1\"><p dir=\"ltr\">Somos a Bernice e o Peter Craft e estamos casados h\u00e1 mais de 30 anos.<br \/>\nVivemos numa pequena aldeia chamada Harefield, que fica a noroeste de Londres, Inglaterra.<br \/>\nApaixon\u00e1mo-nos pelo estilo de vida descontra\u00eddo e pelo clima agrad\u00e1vel de Portugal, quando c\u00e1 viemos em v\u00e1rias f\u00e9rias.<br \/>\nDecidimos realizar um sonho antigo de nos afastarmos do estilo de vida agitado que t\u00ednhamos em Inglaterra e mudarmo-nos para Portugal em 2023.   <\/p>\n<p dir=\"ltr\">Apaixon\u00e1mo-nos pela zona de Penela e encontr\u00e1mos a nossa casa de sonho nas Casas do Favacal, que agora esperamos partilhar com os nossos h\u00f3spedes e ajud\u00e1-los a criar mem\u00f3rias maravilhosas quando ficam connosco.<br \/>\nUma das nossas paix\u00f5es na vida \u00e9 a astronomia e n\u00e3o gostamos de nada mais do que ir l\u00e1 fora \u00e0 noite e olhar para as vistas fant\u00e1sticas que temos da via l\u00e1ctea a partir do nosso jardim. <\/p>\n<\/div><\/div><\/div><\/div><\/div>\n","protected":false},"excerpt":{"rendered":"","protected":false},"author":1,"featured_media":0,"parent":0,"menu_order":0,"comment_status":"closed","ping_status":"closed","template":"100-width.php","meta":{"footnotes":""},"class_list":["post-1958","page","type-page","status-publish","hentry"],"_links":{"self":[{"href":"https:\/\/casasdofavacal.com\/pt-pt\/wp-json\/wp\/v2\/pages\/1958","targetHints":{"allow":["GET"]}}],"collection":[{"href":"https:\/\/casasdofavacal.com\/pt-pt\/wp-json\/wp\/v2\/pages"}],"about":[{"href":"https:\/\/casasdofavacal.com\/pt-pt\/wp-json\/wp\/v2\/types\/page"}],"author":[{"embeddable":true,"href":"https:\/\/casasdofavacal.com\/pt-pt\/wp-json\/wp\/v2\/users\/1"}],"replies":[{"embeddable":true,"href":"https:\/\/casasdofavacal.com\/pt-pt\/wp-json\/wp\/v2\/comments?post=1958"}],"version-history":[{"count":3,"href":"https:\/\/casasdofavacal.com\/pt-pt\/wp-json\/wp\/v2\/pages\/1958\/revisions"}],"predecessor-version":[{"id":1961,"href":"https:\/\/casasdofavacal.com\/pt-pt\/wp-json\/wp\/v2\/pages\/1958\/revisions\/1961"}],"wp:attachment":[{"href":"https:\/\/casasdofavacal.com\/pt-pt\/wp-json\/wp\/v2\/media?parent=1958"}],"curies":[{"name":"wp","href":"https:\/\/api.w.org\/{rel}","templated":true}]}}