{"id":1983,"date":"2024-08-21T10:55:49","date_gmt":"2024-08-21T10:55:49","guid":{"rendered":"https:\/\/casasdofavacal.com\/alojamento\/"},"modified":"2024-09-14T09:17:30","modified_gmt":"2024-09-14T09:17:30","slug":"alojamento","status":"publish","type":"page","link":"https:\/\/casasdofavacal.com\/pt-pt\/alojamento\/","title":{"rendered":"Alojamento"},"content":{"rendered":"<p><div class=\"fusion-fullwidth fullwidth-box fusion-builder-row-1 fusion-flex-container has-pattern-background has-mask-background nonhundred-percent-fullwidth non-hundred-percent-height-scrolling\" style=\"--awb-border-radius-top-left:0px;--awb-border-radius-top-right:0px;--awb-border-radius-bottom-right:0px;--awb-border-radius-bottom-left:0px;--awb-flex-wrap:wrap;\" ><div class=\"fusion-builder-row fusion-row fusion-flex-align-items-flex-start fusion-flex-content-wrap\" style=\"max-width:1248px;margin-left: calc(-4% \/ 2 );margin-right: calc(-4% \/ 2 );\"><div class=\"fusion-layout-column fusion_builder_column fusion-builder-column-0 fusion_builder_column_1_1 1_1 fusion-flex-column\" style=\"--awb-bg-size:cover;--awb-width-large:100%;--awb-margin-top-large:0px;--awb-spacing-right-large:1.92%;--awb-margin-bottom-large:20px;--awb-spacing-left-large:1.92%;--awb-width-medium:100%;--awb-order-medium:0;--awb-spacing-right-medium:1.92%;--awb-spacing-left-medium:1.92%;--awb-width-small:100%;--awb-order-small:0;--awb-spacing-right-small:1.92%;--awb-spacing-left-small:1.92%;\"><div class=\"fusion-column-wrapper fusion-column-has-shadow fusion-flex-justify-content-flex-start fusion-content-layout-column\"><div class=\"fusion-text fusion-text-1\"><p>\u00c9 uma casa com dois quartos que pode acomodar confortavelmente at\u00e9 quatro pessoas.<br \/>\nNo andar de baixo h\u00e1 uma espa\u00e7osa sala de estar\/jantar em plano aberto, com lareira, e uma cozinha bem equipada.<br \/>\nNo andar de cima, h\u00e1 um quarto duplo e um quarto individual com um beliche grande e uma casa de banho.<br \/>\nAmbos os quartos t\u00eam ar condicionado.<br \/>\nO alojamento \u00e9 autossuficiente e a cozinha est\u00e1 bem equipada.<br \/>\nH\u00e1 um fog\u00e3o el\u00e9trico com quatro placas, um forno de tamanho normal, chaleira e m\u00e1quina de caf\u00e9.<br \/>\nO acesso Wi-Fi gratuito est\u00e1 dispon\u00edvel e h\u00e1 uma televis\u00e3o inteligente na sala de estar.<br \/>\nNo exterior, no p\u00e1tio, h\u00e1 uma escolha de sol ou sombra, com uma grande mesa e cadeiras adequadas para refei\u00e7\u00f5es e entretenimento no exterior, bem como uma \u00e1rea para churrasco.<br \/>\nO relvado \u00e9 suficientemente grande para as crian\u00e7as correrem e brincarem.<br \/>\nNum terra\u00e7o separado, h\u00e1 uma piscina para os h\u00f3spedes se refrescarem, enquanto apreciam a vista sobre o vale.<br \/>\nExiste um espa\u00e7o seguro para guardar as bicicletas, caso seja necess\u00e1rio.<br \/>\nO estacionamento na rua \u00e9 amplo e gratuito.<br \/>\nA estadia m\u00ednima \u00e9 de 2 noites.<\/p>\n<\/div><\/div><\/div><\/div><\/div><div class=\"fusion-fullwidth fullwidth-box fusion-builder-row-2 fusion-flex-container has-pattern-background has-mask-background nonhundred-percent-fullwidth non-hundred-percent-height-scrolling\" style=\"--awb-border-radius-top-left:0px;--awb-border-radius-top-right:0px;--awb-border-radius-bottom-right:0px;--awb-border-radius-bottom-left:0px;--awb-flex-wrap:wrap;\" ><div class=\"fusion-builder-row fusion-row fusion-flex-align-items-flex-start fusion-flex-content-wrap\" style=\"max-width:1248px;margin-left: calc(-4% \/ 2 );margin-right: calc(-4% \/ 2 );\"><div class=\"fusion-layout-column fusion_builder_column fusion-builder-column-1 fusion_builder_column_2_3 2_3 fusion-flex-column\" style=\"--awb-bg-size:cover;--awb-width-large:66.666666666667%;--awb-margin-top-large:0px;--awb-spacing-right-large:2.88%;--awb-margin-bottom-large:20px;--awb-spacing-left-large:2.88%;--awb-width-medium:66.666666666667%;--awb-order-medium:0;--awb-spacing-right-medium:2.88%;--awb-spacing-left-medium:2.88%;--awb-width-small:100%;--awb-order-small:0;--awb-spacing-right-small:1.92%;--awb-spacing-left-small:1.92%;\"><div class=\"fusion-column-wrapper fusion-column-has-shadow fusion-flex-justify-content-flex-start fusion-content-layout-column\"><div class=\"fusion-text fusion-text-2\">\n<\/div><div class=\"fusion-text fusion-text-3\"><p><b><\/b><\/p>\n<\/div><\/div><\/div><div class=\"fusion-layout-column fusion_builder_column fusion-builder-column-2 fusion_builder_column_1_3 1_3 fusion-flex-column\" style=\"--awb-bg-size:cover;--awb-width-large:33.333333333333%;--awb-margin-top-large:0px;--awb-spacing-right-large:5.76%;--awb-margin-bottom-large:20px;--awb-spacing-left-large:5.76%;--awb-width-medium:33.333333333333%;--awb-order-medium:0;--awb-spacing-right-medium:5.76%;--awb-spacing-left-medium:5.76%;--awb-width-small:100%;--awb-order-small:0;--awb-spacing-right-small:1.92%;--awb-spacing-left-small:1.92%;\" data-scroll-devices=\"small-visibility,medium-visibility,large-visibility\"><div class=\"fusion-column-wrapper fusion-column-has-shadow fusion-flex-justify-content-flex-start fusion-content-layout-column\"><div class=\"fusion-text fusion-text-4\"><p><strong>Pre\u00e7os at\u00e9 2 pessoas<\/strong><\/p>\n\n<\/div><div class=\"fusion-text fusion-text-5\" style=\"--awb-margin-top:10px;\"><p><strong>Pre\u00e7os para pessoas extra<\/strong><\/p>\n\n<\/div><\/div><\/div><\/div><\/div><div class=\"fusion-fullwidth fullwidth-box fusion-builder-row-3 fusion-flex-container has-pattern-background has-mask-background hundred-percent-fullwidth non-hundred-percent-height-scrolling\" style=\"--awb-border-radius-top-left:0px;--awb-border-radius-top-right:0px;--awb-border-radius-bottom-right:0px;--awb-border-radius-bottom-left:0px;--awb-flex-wrap:wrap;\" ><div class=\"fusion-builder-row fusion-row fusion-flex-align-items-flex-start fusion-flex-content-wrap\" style=\"width:104% !important;max-width:104% !important;margin-left: calc(-4% \/ 2 );margin-right: calc(-4% \/ 2 );\"><div class=\"fusion-layout-column fusion_builder_column fusion-builder-column-3 fusion_builder_column_1_1 1_1 fusion-flex-column\" style=\"--awb-bg-size:cover;--awb-width-large:100%;--awb-margin-top-large:0px;--awb-spacing-right-large:1.92%;--awb-margin-bottom-large:20px;--awb-spacing-left-large:1.92%;--awb-width-medium:100%;--awb-order-medium:0;--awb-spacing-right-medium:1.92%;--awb-spacing-left-medium:1.92%;--awb-width-small:100%;--awb-order-small:0;--awb-spacing-right-small:1.92%;--awb-spacing-left-small:1.92%;\"><div class=\"fusion-column-wrapper fusion-column-has-shadow fusion-flex-justify-content-flex-start fusion-content-layout-column\"><div class=\"awb-gallery-wrapper awb-gallery-wrapper-1 button-span-no\" style=\"--more-btn-alignment:center;\"><div style=\"margin:-2px;--awb-bordersize:2px;--awb-bordercolor:var(--awb-custom_color_1);\" class=\"fusion-gallery fusion-gallery-container fusion-grid-3 fusion-columns-total-6 fusion-gallery-layout-grid fusion-gallery-1\"><div style=\"padding:2.5px;\" class=\"fusion-grid-column fusion-gallery-column fusion-gallery-column-3 hover-type-none\"><div class=\"fusion-gallery-image\"><a href=\"https:\/\/casasdofavacal.com\/wp-content\/uploads\/2024\/09\/House-6.jpeg\" rel=\"noreferrer\" data-rel=\"iLightbox[gallery_image_1]\" class=\"fusion-lightbox\" target=\"_self\"><img decoding=\"async\" src=\"https:\/\/casasdofavacal.com\/wp-content\/uploads\/2024\/09\/House-6.jpeg\" width=\"1600\" height=\"720\" alt=\"\" title=\"House 6\" aria-label=\"House 6\" class=\"img-responsive wp-image-1915\" srcset=\"https:\/\/casasdofavacal.com\/wp-content\/uploads\/2024\/09\/House-6-200x90.jpeg 200w, https:\/\/casasdofavacal.com\/wp-content\/uploads\/2024\/09\/House-6-400x180.jpeg 400w, https:\/\/casasdofavacal.com\/wp-content\/uploads\/2024\/09\/House-6-600x270.jpeg 600w, https:\/\/casasdofavacal.com\/wp-content\/uploads\/2024\/09\/House-6-800x360.jpeg 800w, https:\/\/casasdofavacal.com\/wp-content\/uploads\/2024\/09\/House-6-1200x540.jpeg 1200w, https:\/\/casasdofavacal.com\/wp-content\/uploads\/2024\/09\/House-6.jpeg 1600w\" sizes=\"(min-width: 2200px) 100vw, (min-width: 784px) 399px, (min-width: 712px) 598px, (min-width: 640px) 712px, \" \/><\/a><\/div><\/div><div style=\"padding:2.5px;\" class=\"fusion-grid-column fusion-gallery-column fusion-gallery-column-3 hover-type-none\"><div class=\"fusion-gallery-image\"><a href=\"https:\/\/casasdofavacal.com\/wp-content\/uploads\/2024\/09\/House-7.jpeg\" rel=\"noreferrer\" data-rel=\"iLightbox[gallery_image_1]\" class=\"fusion-lightbox\" target=\"_self\"><img decoding=\"async\" src=\"https:\/\/casasdofavacal.com\/wp-content\/uploads\/2024\/09\/House-7.jpeg\" width=\"1600\" height=\"720\" alt=\"ATA DE TENTATIVA DE CONCILIA\u00c7\u00c3O\" title=\"House 7\" aria-label=\"House 7\" class=\"img-responsive wp-image-1919\" srcset=\"https:\/\/casasdofavacal.com\/wp-content\/uploads\/2024\/09\/House-7-200x90.jpeg 200w, https:\/\/casasdofavacal.com\/wp-content\/uploads\/2024\/09\/House-7-400x180.jpeg 400w, https:\/\/casasdofavacal.com\/wp-content\/uploads\/2024\/09\/House-7-600x270.jpeg 600w, https:\/\/casasdofavacal.com\/wp-content\/uploads\/2024\/09\/House-7-800x360.jpeg 800w, https:\/\/casasdofavacal.com\/wp-content\/uploads\/2024\/09\/House-7-1200x540.jpeg 1200w, https:\/\/casasdofavacal.com\/wp-content\/uploads\/2024\/09\/House-7.jpeg 1600w\" sizes=\"(min-width: 2200px) 100vw, (min-width: 784px) 399px, (min-width: 712px) 598px, (min-width: 640px) 712px, \" \/><\/a><\/div><\/div><div style=\"padding:2.5px;\" class=\"fusion-grid-column fusion-gallery-column fusion-gallery-column-3 hover-type-none\"><div class=\"fusion-gallery-image\"><a href=\"https:\/\/casasdofavacal.com\/wp-content\/uploads\/2024\/09\/House-8.jpeg\" rel=\"noreferrer\" data-rel=\"iLightbox[gallery_image_1]\" class=\"fusion-lightbox\" target=\"_self\"><img decoding=\"async\" src=\"https:\/\/casasdofavacal.com\/wp-content\/uploads\/2024\/09\/House-8.jpeg\" width=\"1600\" height=\"720\" alt=\"\" title=\"House 8\" aria-label=\"House 8\" class=\"img-responsive wp-image-1917\" srcset=\"https:\/\/casasdofavacal.com\/wp-content\/uploads\/2024\/09\/House-8-200x90.jpeg 200w, https:\/\/casasdofavacal.com\/wp-content\/uploads\/2024\/09\/House-8-400x180.jpeg 400w, https:\/\/casasdofavacal.com\/wp-content\/uploads\/2024\/09\/House-8-600x270.jpeg 600w, https:\/\/casasdofavacal.com\/wp-content\/uploads\/2024\/09\/House-8-800x360.jpeg 800w, https:\/\/casasdofavacal.com\/wp-content\/uploads\/2024\/09\/House-8-1200x540.jpeg 1200w, https:\/\/casasdofavacal.com\/wp-content\/uploads\/2024\/09\/House-8.jpeg 1600w\" sizes=\"(min-width: 2200px) 100vw, (min-width: 784px) 399px, (min-width: 712px) 598px, (min-width: 640px) 712px, \" \/><\/a><\/div><\/div><div class=\"clearfix\"><\/div><div style=\"padding:2.5px;\" class=\"fusion-grid-column fusion-gallery-column fusion-gallery-column-3 hover-type-none\"><div class=\"fusion-gallery-image\"><a href=\"https:\/\/casasdofavacal.com\/wp-content\/uploads\/2024\/09\/House-5.jpeg\" rel=\"noreferrer\" data-rel=\"iLightbox[gallery_image_1]\" class=\"fusion-lightbox\" target=\"_self\"><img decoding=\"async\" src=\"https:\/\/casasdofavacal.com\/wp-content\/uploads\/2024\/09\/House-5.jpeg\" width=\"1600\" height=\"720\" alt=\"\" title=\"House 5\" aria-label=\"House 5\" class=\"img-responsive wp-image-1913\" srcset=\"https:\/\/casasdofavacal.com\/wp-content\/uploads\/2024\/09\/House-5-200x90.jpeg 200w, https:\/\/casasdofavacal.com\/wp-content\/uploads\/2024\/09\/House-5-400x180.jpeg 400w, https:\/\/casasdofavacal.com\/wp-content\/uploads\/2024\/09\/House-5-600x270.jpeg 600w, https:\/\/casasdofavacal.com\/wp-content\/uploads\/2024\/09\/House-5-800x360.jpeg 800w, https:\/\/casasdofavacal.com\/wp-content\/uploads\/2024\/09\/House-5-1200x540.jpeg 1200w, https:\/\/casasdofavacal.com\/wp-content\/uploads\/2024\/09\/House-5.jpeg 1600w\" sizes=\"(min-width: 2200px) 100vw, (min-width: 784px) 399px, (min-width: 712px) 598px, (min-width: 640px) 712px, \" \/><\/a><\/div><\/div><div style=\"padding:2.5px;\" class=\"fusion-grid-column fusion-gallery-column fusion-gallery-column-3 hover-type-none\"><div class=\"fusion-gallery-image\"><a href=\"https:\/\/casasdofavacal.com\/wp-content\/uploads\/2024\/09\/House-2.jpeg\" rel=\"noreferrer\" data-rel=\"iLightbox[gallery_image_1]\" class=\"fusion-lightbox\" target=\"_self\"><img decoding=\"async\" src=\"https:\/\/casasdofavacal.com\/wp-content\/uploads\/2024\/09\/House-2.jpeg\" width=\"1600\" height=\"707\" alt=\"\" title=\"House 2\" aria-label=\"House 2\" class=\"img-responsive wp-image-1911\" srcset=\"https:\/\/casasdofavacal.com\/wp-content\/uploads\/2024\/09\/House-2-200x88.jpeg 200w, https:\/\/casasdofavacal.com\/wp-content\/uploads\/2024\/09\/House-2-400x177.jpeg 400w, https:\/\/casasdofavacal.com\/wp-content\/uploads\/2024\/09\/House-2-600x265.jpeg 600w, https:\/\/casasdofavacal.com\/wp-content\/uploads\/2024\/09\/House-2-800x354.jpeg 800w, https:\/\/casasdofavacal.com\/wp-content\/uploads\/2024\/09\/House-2-1200x530.jpeg 1200w, https:\/\/casasdofavacal.com\/wp-content\/uploads\/2024\/09\/House-2.jpeg 1600w\" sizes=\"(min-width: 2200px) 100vw, (min-width: 784px) 399px, (min-width: 712px) 598px, (min-width: 640px) 712px, \" \/><\/a><\/div><\/div><div style=\"padding:2.5px;\" class=\"fusion-grid-column fusion-gallery-column fusion-gallery-column-3 hover-type-none\"><div class=\"fusion-gallery-image\"><a href=\"https:\/\/casasdofavacal.com\/wp-content\/uploads\/2024\/09\/House-13.jpeg\" rel=\"noreferrer\" data-rel=\"iLightbox[gallery_image_1]\" class=\"fusion-lightbox\" target=\"_self\"><img decoding=\"async\" src=\"https:\/\/casasdofavacal.com\/wp-content\/uploads\/2024\/09\/House-13.jpeg\" width=\"1600\" height=\"720\" alt=\"\" title=\"House 13\" aria-label=\"House 13\" class=\"img-responsive wp-image-1909\" srcset=\"https:\/\/casasdofavacal.com\/wp-content\/uploads\/2024\/09\/House-13-200x90.jpeg 200w, https:\/\/casasdofavacal.com\/wp-content\/uploads\/2024\/09\/House-13-400x180.jpeg 400w, https:\/\/casasdofavacal.com\/wp-content\/uploads\/2024\/09\/House-13-600x270.jpeg 600w, https:\/\/casasdofavacal.com\/wp-content\/uploads\/2024\/09\/House-13-800x360.jpeg 800w, https:\/\/casasdofavacal.com\/wp-content\/uploads\/2024\/09\/House-13-1200x540.jpeg 1200w, https:\/\/casasdofavacal.com\/wp-content\/uploads\/2024\/09\/House-13.jpeg 1600w\" sizes=\"(min-width: 2200px) 100vw, (min-width: 784px) 399px, (min-width: 712px) 598px, (min-width: 640px) 712px, \" \/><\/a><\/div><\/div><div class=\"clearfix\"><\/div><\/div><\/div><\/div><\/div><\/div><\/div><div class=\"fusion-fullwidth fullwidth-box fusion-builder-row-4 fusion-flex-container has-pattern-background has-mask-background nonhundred-percent-fullwidth non-hundred-percent-height-scrolling\" style=\"--awb-border-radius-top-left:0px;--awb-border-radius-top-right:0px;--awb-border-radius-bottom-right:0px;--awb-border-radius-bottom-left:0px;--awb-flex-wrap:wrap;\" ><div class=\"fusion-builder-row fusion-row fusion-flex-align-items-flex-start fusion-flex-content-wrap\" style=\"max-width:1248px;margin-left: calc(-4% \/ 2 );margin-right: calc(-4% \/ 2 );\"><div class=\"fusion-layout-column fusion_builder_column fusion-builder-column-4 fusion_builder_column_1_1 1_1 fusion-flex-column\" style=\"--awb-bg-size:cover;--awb-width-large:100%;--awb-margin-top-large:0px;--awb-spacing-right-large:1.92%;--awb-margin-bottom-large:20px;--awb-spacing-left-large:1.92%;--awb-width-medium:100%;--awb-order-medium:0;--awb-spacing-right-medium:1.92%;--awb-spacing-left-medium:1.92%;--awb-width-small:100%;--awb-order-small:0;--awb-spacing-right-small:1.92%;--awb-spacing-left-small:1.92%;\"><div class=\"fusion-column-wrapper fusion-column-has-shadow fusion-flex-justify-content-flex-start fusion-content-layout-column\"><\/div><\/div><\/div><\/div><\/p>\n","protected":false},"excerpt":{"rendered":"","protected":false},"author":1,"featured_media":0,"parent":0,"menu_order":0,"comment_status":"closed","ping_status":"closed","template":"100-width.php","meta":{"footnotes":""},"class_list":["post-1983","page","type-page","status-publish","hentry"],"_links":{"self":[{"href":"https:\/\/casasdofavacal.com\/pt-pt\/wp-json\/wp\/v2\/pages\/1983","targetHints":{"allow":["GET"]}}],"collection":[{"href":"https:\/\/casasdofavacal.com\/pt-pt\/wp-json\/wp\/v2\/pages"}],"about":[{"href":"https:\/\/casasdofavacal.com\/pt-pt\/wp-json\/wp\/v2\/types\/page"}],"author":[{"embeddable":true,"href":"https:\/\/casasdofavacal.com\/pt-pt\/wp-json\/wp\/v2\/users\/1"}],"replies":[{"embeddable":true,"href":"https:\/\/casasdofavacal.com\/pt-pt\/wp-json\/wp\/v2\/comments?post=1983"}],"version-history":[{"count":3,"href":"https:\/\/casasdofavacal.com\/pt-pt\/wp-json\/wp\/v2\/pages\/1983\/revisions"}],"predecessor-version":[{"id":1986,"href":"https:\/\/casasdofavacal.com\/pt-pt\/wp-json\/wp\/v2\/pages\/1983\/revisions\/1986"}],"wp:attachment":[{"href":"https:\/\/casasdofavacal.com\/pt-pt\/wp-json\/wp\/v2\/media?parent=1983"}],"curies":[{"name":"wp","href":"https:\/\/api.w.org\/{rel}","templated":true}]}}